{"id":66,"date":"2019-10-29T17:34:52","date_gmt":"2019-10-29T17:34:52","guid":{"rendered":"https:\/\/epa.hr\/?page_id=66"},"modified":"2019-10-30T14:11:20","modified_gmt":"2019-10-30T14:11:20","slug":"informaticka-rjesenja","status":"publish","type":"page","link":"https:\/\/epa.hr\/index.php\/informaticka-rjesenja\/","title":{"rendered":"Programski proizvodi"},"content":{"rendered":"\n<ul><li>program za financijsko knjigovodstvo<\/li><li>program za obra\u010dun pla\u0107a<\/li><li>program za vo\u0111enje dugotrajne imovine<\/li><li>program za vo\u0111enje pisarnice<\/li><li>conforto<\/li><\/ul>\n","protected":false},"excerpt":{"rendered":"<p>program za financijsko knjigovodstvo program za obra\u010dun pla\u0107a program za vo\u0111enje dugotrajne imovine program za vo\u0111enje pisarnice conforto<\/p>\n","protected":false},"author":1,"featured_media":0,"parent":0,"menu_order":0,"comment_status":"closed","ping_status":"closed","template":"","meta":[],"_links":{"self":[{"href":"https:\/\/epa.hr\/index.php\/wp-json\/wp\/v2\/pages\/66"}],"collection":[{"href":"https:\/\/epa.hr\/index.php\/wp-json\/wp\/v2\/pages"}],"about":[{"href":"https:\/\/epa.hr\/index.php\/wp-json\/wp\/v2\/types\/page"}],"author":[{"embeddable":true,"href":"https:\/\/epa.hr\/index.php\/wp-json\/wp\/v2\/users\/1"}],"replies":[{"embeddable":true,"href":"https:\/\/epa.hr\/index.php\/wp-json\/wp\/v2\/comments?post=66"}],"version-history":[{"count":8,"href":"https:\/\/epa.hr\/index.php\/wp-json\/wp\/v2\/pages\/66\/revisions"}],"predecessor-version":[{"id":198,"href":"https:\/\/epa.hr\/index.php\/wp-json\/wp\/v2\/pages\/66\/revisions\/198"}],"wp:attachment":[{"href":"https:\/\/epa.hr\/index.php\/wp-json\/wp\/v2\/media?parent=66"}],"curies":[{"name":"wp","href":"https:\/\/api.w.org\/{rel}","templated":true}]}}