{"id":184,"date":"2019-10-30T13:52:56","date_gmt":"2019-10-30T13:52:56","guid":{"rendered":"https:\/\/epa.hr\/?page_id=184"},"modified":"2019-10-30T14:07:42","modified_gmt":"2019-10-30T14:07:42","slug":"pisarnica","status":"publish","type":"page","link":"https:\/\/epa.hr\/index.php\/pisarnica\/","title":{"rendered":"Program za vo\u0111enje pisarnice"},"content":{"rendered":"\n<ul><li>upisi upravnih\n     postupaka I i II<\/li><li>urud\u017ebeni\n     zapisnik (neupravni)<\/li><li>knjige za po\u0161tu<ul><li>primljene,<\/li><li>poslane<\/li><\/ul><\/li><li>popis akata<\/li><li>\u0161ifarnici<\/li><li>klasa<\/li><li>podklasa<\/li><li>dosjea<\/li><li>urud\u017ebenih\n     brojeva<\/li><li>predmeta<\/li><li>org. jedinica<\/li><li>dostavnih\n     knjiga<\/li><li>knjiga za po\u0161tu<\/li><li>org.jedinica<\/li><\/ul>\n","protected":false},"excerpt":{"rendered":"<p>upisi upravnih postupaka I i II urud\u017ebeni zapisnik (neupravni) knjige za po\u0161tu primljene, poslane popis akata \u0161ifarnici klasa podklasa dosjea urud\u017ebenih brojeva predmeta org. jedinica dostavnih knjiga knjiga za po\u0161tu org.jedinica<\/p>\n","protected":false},"author":1,"featured_media":0,"parent":0,"menu_order":0,"comment_status":"closed","ping_status":"closed","template":"","meta":[],"_links":{"self":[{"href":"https:\/\/epa.hr\/index.php\/wp-json\/wp\/v2\/pages\/184"}],"collection":[{"href":"https:\/\/epa.hr\/index.php\/wp-json\/wp\/v2\/pages"}],"about":[{"href":"https:\/\/epa.hr\/index.php\/wp-json\/wp\/v2\/types\/page"}],"author":[{"embeddable":true,"href":"https:\/\/epa.hr\/index.php\/wp-json\/wp\/v2\/users\/1"}],"replies":[{"embeddable":true,"href":"https:\/\/epa.hr\/index.php\/wp-json\/wp\/v2\/comments?post=184"}],"version-history":[{"count":2,"href":"https:\/\/epa.hr\/index.php\/wp-json\/wp\/v2\/pages\/184\/revisions"}],"predecessor-version":[{"id":196,"href":"https:\/\/epa.hr\/index.php\/wp-json\/wp\/v2\/pages\/184\/revisions\/196"}],"wp:attachment":[{"href":"https:\/\/epa.hr\/index.php\/wp-json\/wp\/v2\/media?parent=184"}],"curies":[{"name":"wp","href":"https:\/\/api.w.org\/{rel}","templated":true}]}}