{"id":170,"date":"2019-10-29T21:22:04","date_gmt":"2019-10-29T21:22:04","guid":{"rendered":"https:\/\/epa.hr\/?page_id=170"},"modified":"2019-10-30T14:06:13","modified_gmt":"2019-10-30T14:06:13","slug":"program-za-obracun-placa","status":"publish","type":"page","link":"https:\/\/epa.hr\/index.php\/program-za-obracun-placa\/","title":{"rendered":"Program za obra\u010dun pla\u0107a"},"content":{"rendered":"\n<ul><li>\u0160ifrarnici\nop\u0107ina-gradova, mjesta, vrsta rada, bolovanja (na teret firme ili fonda,\nporodiljni, ozljede&#8230;), doprinosa, obustava, isplata i poslovnih partnera kao\nkreditora,<\/li><li>Kadrovska\nevidencija po vrstama radnika, radnim mjestima i osobnim podacima zaposlenih,\nevidencija GO, osobnih olak\u0161ica, beneficiranog sta\u017ea, minulog rada,<\/li><li>Parametarski\nunos podataka o pla\u0107i, satima rada, na\u010dinima i vrstama isplata, porezi i\ndoprinosi na i iz pla\u0107e, bankama i kreditorima (obustavama) za svakog pojedinog\nradnika s prijenosom parametara na obra\u010dun sljede\u0107e pla\u0107e,<\/li><li>Unos\npodataka o pla\u0107i za grupu radnika ili svakog pojedinog i to; fiksni bruto\niznos, fiksni neto iznos, bruto ili neto satnica, prosjek pla\u0107e, preko\nkoeficijenta s obzirom na osnovicu, obra\u010dun minulog rada u brutu ili na bruto<\/li><li>Ispis\nizvje\u0161taja o pla\u0107i za svakog radnika, isplatne liste, isplate prema bankama,\nkreditori, obustave, porezi, doprinosi s ispisom virmana u raznim formama \u2013\nHUB1, HUB1-1, HUB3lista,<\/li><li>Formiranje SEPA naloga za isplatu\n     pla\u0107a<\/li><li>JOPPD\nobrazac s automatskim prijepisom na e-Poreznu<\/li><li>Porezne\nkartice \u2013 IP, ID obrasci, M4 godi\u0161nji,&nbsp;\nsnimanje na medij za godi\u0161nju poreznu prijavu<\/li><\/ul>\n","protected":false},"excerpt":{"rendered":"<p>\u0160ifrarnici op\u0107ina-gradova, mjesta, vrsta rada, bolovanja (na teret firme ili fonda, porodiljni, ozljede&#8230;), doprinosa, obustava, isplata i poslovnih partnera kao kreditora, Kadrovska evidencija po vrstama radnika, radnim mjestima i osobnim podacima zaposlenih, evidencija GO, osobnih olak\u0161ica, beneficiranog sta\u017ea, minulog rada,<\/p>\n","protected":false},"author":1,"featured_media":0,"parent":0,"menu_order":0,"comment_status":"closed","ping_status":"closed","template":"","meta":[],"_links":{"self":[{"href":"https:\/\/epa.hr\/index.php\/wp-json\/wp\/v2\/pages\/170"}],"collection":[{"href":"https:\/\/epa.hr\/index.php\/wp-json\/wp\/v2\/pages"}],"about":[{"href":"https:\/\/epa.hr\/index.php\/wp-json\/wp\/v2\/types\/page"}],"author":[{"embeddable":true,"href":"https:\/\/epa.hr\/index.php\/wp-json\/wp\/v2\/users\/1"}],"replies":[{"embeddable":true,"href":"https:\/\/epa.hr\/index.php\/wp-json\/wp\/v2\/comments?post=170"}],"version-history":[{"count":2,"href":"https:\/\/epa.hr\/index.php\/wp-json\/wp\/v2\/pages\/170\/revisions"}],"predecessor-version":[{"id":195,"href":"https:\/\/epa.hr\/index.php\/wp-json\/wp\/v2\/pages\/170\/revisions\/195"}],"wp:attachment":[{"href":"https:\/\/epa.hr\/index.php\/wp-json\/wp\/v2\/media?parent=170"}],"curies":[{"name":"wp","href":"https:\/\/api.w.org\/{rel}","templated":true}]}}