{"id":167,"date":"2019-10-29T21:21:32","date_gmt":"2019-10-29T21:21:32","guid":{"rendered":"https:\/\/epa.hr\/?page_id=167"},"modified":"2019-10-30T14:05:23","modified_gmt":"2019-10-30T14:05:23","slug":"program-za-financijsko-poslovanje","status":"publish","type":"page","link":"https:\/\/epa.hr\/index.php\/program-za-financijsko-poslovanje\/","title":{"rendered":"Program za financijsko knjigovodstvo"},"content":{"rendered":"\n<ul><li>\u0160ifrarnik poslovnih partnera, kontnog plana, vrsta knji\u017eenja i dokumenata, NKD, organizacijskih jedinica, poreznih stopa, artikala odnosno usluga koje se fakturiraju<\/li><li>Unos dokumenata salda-konti i istodobno knji\u017eenje na Glavnu knjigu<\/li><li>Unos ulaznih ra\u010duna u likvidaturu s automatskim knji\u017eenjem na knjigu Ura i Glavnu knjigu<\/li><li>Automatska izrada PDV obrasca na temelju unesenih podataka<\/li><li>Mogu\u0107nost promptnog povezivanja stavaka, a isto tako i naknadnog s parametriziranim pretragama podataka za povezivanje<\/li><li>Automatska izrada obrazaca PPO i OPZ-STAT-1<\/li><li> Pregled konto kartice kupca\/dobavlja\u010da kompletne ili samo otvorenih stavaka, kao i rekapitulacija kompletnog stanja,<\/li><li>Devizni salda-konti,<\/li><li> Obra\u010dun kamata na nezatvorene stavke s parametriziranim zahtjevima i mogu\u0107nostima automatskog knji\u017eenja obra\u010duna na unaprijed zadani konto<\/li><li>Unos dokumenata izravno na konta Glavne knjige s kontrolom zatvaranja salda<\/li><li>Ispisi dnevnika knji\u017eenja, konto kartica, otvorenih stavaka, rekapitulacija, IOS-a<\/li><li>Fakturiranje s automatskim knji\u017eenjem u knjigu Ira, salda-konti i Glavnu knjigu<\/li><li>Ispis bruto bilance, bilance stanja, sinteti\u010dki i analiti\u010dki<\/li><li>Automatski prijepis zavr\u0161nih knji\u017eenja i izrada po\u010detnog stanja sljede\u0107e poslovne godine<\/li><li>Putni nalozi s automatiziranim knji\u017eenjem<\/li><\/ul>\n","protected":false},"excerpt":{"rendered":"<p>\u0160ifrarnik poslovnih partnera, kontnog plana, vrsta knji\u017eenja i dokumenata, NKD, organizacijskih jedinica, poreznih stopa, artikala odnosno usluga koje se fakturiraju Unos dokumenata salda-konti i istodobno knji\u017eenje na Glavnu knjigu Unos ulaznih ra\u010duna u likvidaturu s automatskim knji\u017eenjem na knjigu Ura<\/p>\n","protected":false},"author":1,"featured_media":0,"parent":0,"menu_order":0,"comment_status":"closed","ping_status":"closed","template":"","meta":[],"_links":{"self":[{"href":"https:\/\/epa.hr\/index.php\/wp-json\/wp\/v2\/pages\/167"}],"collection":[{"href":"https:\/\/epa.hr\/index.php\/wp-json\/wp\/v2\/pages"}],"about":[{"href":"https:\/\/epa.hr\/index.php\/wp-json\/wp\/v2\/types\/page"}],"author":[{"embeddable":true,"href":"https:\/\/epa.hr\/index.php\/wp-json\/wp\/v2\/users\/1"}],"replies":[{"embeddable":true,"href":"https:\/\/epa.hr\/index.php\/wp-json\/wp\/v2\/comments?post=167"}],"version-history":[{"count":4,"href":"https:\/\/epa.hr\/index.php\/wp-json\/wp\/v2\/pages\/167\/revisions"}],"predecessor-version":[{"id":194,"href":"https:\/\/epa.hr\/index.php\/wp-json\/wp\/v2\/pages\/167\/revisions\/194"}],"wp:attachment":[{"href":"https:\/\/epa.hr\/index.php\/wp-json\/wp\/v2\/media?parent=167"}],"curies":[{"name":"wp","href":"https:\/\/api.w.org\/{rel}","templated":true}]}}