{"id":11,"date":"2019-10-15T12:54:38","date_gmt":"2019-10-15T12:54:38","guid":{"rendered":"https:\/\/epa.hr\/?page_id=11"},"modified":"2019-10-31T15:21:44","modified_gmt":"2019-10-31T15:21:44","slug":"contact","status":"publish","type":"page","link":"https:\/\/epa.hr\/index.php\/contact\/","title":{"rendered":"Kontakt"},"content":{"rendered":"<h5><\/h5>\n<p style=\"text-align: center;\"><strong>Adresa<\/strong><br \/>\nLavoslava Ru\u017ei\u010dke 34<\/p>\n<p style=\"text-align: center;\">40 000 \u010cakovec<\/p>\n<p style=\"text-align: center;\">telefon: 040 311 214<br \/>\ntekefax: 040 310 356<\/p>\n<p style=\"text-align: center;\"><b>Radno vrijeme<br \/>\n<\/b>pon -pet 8:00 -16:00<\/p>\n","protected":false},"excerpt":{"rendered":"<p>Adresa Lavoslava Ru\u017ei\u010dke 34 40 000 \u010cakovec telefon: 040 311 214 tekefax: 040 310 356 Radno vrijeme pon -pet 8:00 -16:00<\/p>\n","protected":false},"author":1,"featured_media":0,"parent":0,"menu_order":0,"comment_status":"closed","ping_status":"closed","template":"","meta":[],"_links":{"self":[{"href":"https:\/\/epa.hr\/index.php\/wp-json\/wp\/v2\/pages\/11"}],"collection":[{"href":"https:\/\/epa.hr\/index.php\/wp-json\/wp\/v2\/pages"}],"about":[{"href":"https:\/\/epa.hr\/index.php\/wp-json\/wp\/v2\/types\/page"}],"author":[{"embeddable":true,"href":"https:\/\/epa.hr\/index.php\/wp-json\/wp\/v2\/users\/1"}],"replies":[{"embeddable":true,"href":"https:\/\/epa.hr\/index.php\/wp-json\/wp\/v2\/comments?post=11"}],"version-history":[{"count":24,"href":"https:\/\/epa.hr\/index.php\/wp-json\/wp\/v2\/pages\/11\/revisions"}],"predecessor-version":[{"id":246,"href":"https:\/\/epa.hr\/index.php\/wp-json\/wp\/v2\/pages\/11\/revisions\/246"}],"wp:attachment":[{"href":"https:\/\/epa.hr\/index.php\/wp-json\/wp\/v2\/media?parent=11"}],"curies":[{"name":"wp","href":"https:\/\/api.w.org\/{rel}","templated":true}]}}