{"id":10,"date":"2019-10-15T12:54:38","date_gmt":"2019-10-15T12:54:38","guid":{"rendered":"https:\/\/epa.hr\/?page_id=10"},"modified":"2019-10-29T17:55:53","modified_gmt":"2019-10-29T17:55:53","slug":"about","status":"publish","type":"page","link":"https:\/\/epa.hr\/index.php\/about\/","title":{"rendered":"O nama"},"content":{"rendered":"<p>Tvrtka EPA d.o.o. za intelektualne usluge osnovana je u srpnju 2004.g. s ciljem pru\u017eanja usluga s podru\u010dja informatike, prvenstveno dizajn i izrada poslovnih aplikacija.<\/p>\n<p>Osniva\u010d je Sini\u0161a Jalu\u0161i\u0107 koji je 1993. g. diplomirao na smjeru ra\u010dunarske tehnike Elektrotehni\u010dkog fakulteta u Zagrebu.<\/p>\n<p>Naziv tvrtke su inicijali djece osniva\u010da.<\/p>\n<p>U samim po\u010decima tvrtka nastavlja djelatnost koju je osniva\u010d utemeljio kao voditelj odjela razvoja softvera u biv\u0161oj tvrtki MICROSTAR d.o.o. (rujan 1992. \u2013 svibanj 2004.)<\/p>\n<p>Nove poslovne aplikacije, poglavito za knjigovodstvene servise, razvijaju se od 2004.g. u suradnji s revizorskom tvrtkom KOREKON d.o.o. iz \u010cakovca. Tvrtka KOREKON d.o.o., koja je na tr\u017ei\u0161tu od 1994.g., od 2004.g. koristi se novorazvijenim aplikacijama, te svojim klijentima sugerira kori\u0161tenje istih tih poslovnih aplikacija.<\/p>\n<p>Tijekom 2007. godine, na zajedni\u010dkom projektu u industriji plasti\u010dnih proizvoda u Kotoribi, zapo\u010dinje suradnja s tvrtkom INFO-FAR d.o.o. iz \u010cakovca. Uz kori\u0161tenje jo\u0161 suvremenijih tehnologija razvijena je jedinstvena aplikacija koja pokriva jako puno podru\u010dja poslovanja; od trgovina, preko ugostitelja do proizvo\u0111a\u010dkih tvrtki. Ta poslovna aplikacija, pod komercijalnim nazivom CONFORTO, razvija se intenzivno i dan danas i predstavlja okosnicu rada i poslovanja obiju tvrtki EPA d.o.o. i INFO-FAR d.o.o.<\/p>\n<p>CONFORTO je desktop aplikacija \u010dija baza podataka mo\u017ee biti smje\u0161tena na cloudu i time biti dostupna svuda gdje postoji Internet. Ovo je bila velika prekretnica u povezivanju fizi\u010dki odvojenih poslovnih jedinica nekog subjekta.<\/p>\n<p>Zahvaljuju\u0107i kvaliteti aplikacija i porastu broja zadovoljnih klijenata, te suvremenoj cloud tehnologiji tr\u017ei\u0161te postavlja nove zahtjeve koji nadilaze isklju\u010divo informati\u010dke usluge. Stoga osniva\u010di EPA d.o.o. Sini\u0161a Jalu\u0161i\u0107 i INFO-FAR d.o.o. Daniel Jankovi\u0107 tijekom 2016.g. pokre\u0107u novu djelatnost informati\u010dko-ra\u010dunovodstveno-knjigovodstvenog servisa ponajprije za postoje\u0107e korisnike poslovnih aplikacija, a s vremenom i za nove. Ta se djelatnost izdvaja u zasebnu tvrtku PRIORA d.o.o.<\/p>\n","protected":false},"excerpt":{"rendered":"<p>Tvrtka EPA d.o.o. za intelektualne usluge osnovana je u srpnju 2004.g. s ciljem pru\u017eanja usluga s podru\u010dja informatike, prvenstveno dizajn i izrada poslovnih aplikacija. Osniva\u010d je Sini\u0161a Jalu\u0161i\u0107 koji je 1993. g. diplomirao na smjeru ra\u010dunarske tehnike Elektrotehni\u010dkog fakulteta u<\/p>\n","protected":false},"author":1,"featured_media":0,"parent":0,"menu_order":0,"comment_status":"closed","ping_status":"closed","template":"","meta":[],"_links":{"self":[{"href":"https:\/\/epa.hr\/index.php\/wp-json\/wp\/v2\/pages\/10"}],"collection":[{"href":"https:\/\/epa.hr\/index.php\/wp-json\/wp\/v2\/pages"}],"about":[{"href":"https:\/\/epa.hr\/index.php\/wp-json\/wp\/v2\/types\/page"}],"author":[{"embeddable":true,"href":"https:\/\/epa.hr\/index.php\/wp-json\/wp\/v2\/users\/1"}],"replies":[{"embeddable":true,"href":"https:\/\/epa.hr\/index.php\/wp-json\/wp\/v2\/comments?post=10"}],"version-history":[{"count":3,"href":"https:\/\/epa.hr\/index.php\/wp-json\/wp\/v2\/pages\/10\/revisions"}],"predecessor-version":[{"id":79,"href":"https:\/\/epa.hr\/index.php\/wp-json\/wp\/v2\/pages\/10\/revisions\/79"}],"wp:attachment":[{"href":"https:\/\/epa.hr\/index.php\/wp-json\/wp\/v2\/media?parent=10"}],"curies":[{"name":"wp","href":"https:\/\/api.w.org\/{rel}","templated":true}]}}